{"id":23,"date":"2025-09-03T19:10:38","date_gmt":"2025-09-03T19:10:38","guid":{"rendered":"https:\/\/jaebkreispaderborn.de\/?page_id=23"},"modified":"2025-09-03T20:03:33","modified_gmt":"2025-09-03T20:03:33","slug":"jaeb-des-kreises-paderborn","status":"publish","type":"page","link":"https:\/\/jaebkreispaderborn.de\/jaeb-des-kreises-paderborn\/","title":{"rendered":"JAEB des Kreises Paderborn"},"content":{"rendered":"\n<p style=\"font-style:normal;font-weight:500\">Herzlich Willkommen!<\/p>\n\n\n\n<p>Der Jugendamtselternbeirat (JAEB) des Kreises Paderborn ist die <strong>gew\u00e4hlte Interessenvertretung der Elternbeir\u00e4te aller Kindertageseinrichtungen<\/strong> gem\u00e4\u00df \u00a7 11 Kinderbildungsgesetz NRW.<\/p>\n\n\n\n<p>Wir vertreten die Anliegen von Eltern und Kindern <strong>gegen\u00fcber Tr\u00e4gern, Politik und Verwaltung<\/strong> und bringen die Elternperspektive in allen wesentlichen Fragen rund um Kindertageseinrichtungen ein. Dabei haben wir die M\u00f6glichkeit der <strong>Mitwirkung, Anh\u00f6rung und Information<\/strong>.<\/p>\n\n\n\n<p>Der JAEB arbeitet <strong>parteilos, unabh\u00e4ngig und ehrenamtlich<\/strong>.<br>Wir sind euer <strong>direkter Ansprechpartner<\/strong> und setzen uns daf\u00fcr ein, dass die Interessen der Kinder und Familien im Kreis Paderborn geh\u00f6rt werden.<br><br>Wenn Ihr als Eltern oder Elternbeirat Hilfe im Kita-Dschungel ben\u00f6tigt, meldet Euch bei uns! Wir unterst\u00fctzen euch gerne.<\/p>\n\n\n\n<p><br><br>E-Mail: jaeb.kreis@paderborn.com<\/p>\n","protected":false},"excerpt":{"rendered":"<p>Herzlich Willkommen! Der Jugendamtselternbeirat (JAEB) des Kreises Paderborn ist die gew\u00e4hlte Interessenvertretung der Elternbeir\u00e4te aller Kindertageseinrichtungen gem\u00e4\u00df \u00a7 11 Kinderbildungsgesetz NRW. Wir vertreten die Anliegen von Eltern und Kindern gegen\u00fcber Tr\u00e4gern, Politik und Verwaltung und bringen die Elternperspektive in allen wesentlichen Fragen rund um Kindertageseinrichtungen ein. Dabei haben wir die M\u00f6glichkeit der Mitwirkung, Anh\u00f6rung und [&hellip;]<\/p>\n","protected":false},"author":5,"featured_media":0,"parent":0,"menu_order":0,"comment_status":"closed","ping_status":"closed","template":"","meta":{"footnotes":""},"class_list":["post-23","page","type-page","status-publish","hentry"],"_links":{"self":[{"href":"https:\/\/jaebkreispaderborn.de\/jaeb-des-kreises-paderborn\/wp-json\/wp\/v2\/pages\/23","targetHints":{"allow":["GET"]}}],"collection":[{"href":"https:\/\/jaebkreispaderborn.de\/jaeb-des-kreises-paderborn\/wp-json\/wp\/v2\/pages"}],"about":[{"href":"https:\/\/jaebkreispaderborn.de\/jaeb-des-kreises-paderborn\/wp-json\/wp\/v2\/types\/page"}],"author":[{"embeddable":true,"href":"https:\/\/jaebkreispaderborn.de\/jaeb-des-kreises-paderborn\/wp-json\/wp\/v2\/users\/5"}],"replies":[{"embeddable":true,"href":"https:\/\/jaebkreispaderborn.de\/jaeb-des-kreises-paderborn\/wp-json\/wp\/v2\/comments?post=23"}],"version-history":[{"count":5,"href":"https:\/\/jaebkreispaderborn.de\/jaeb-des-kreises-paderborn\/wp-json\/wp\/v2\/pages\/23\/revisions"}],"predecessor-version":[{"id":46,"href":"https:\/\/jaebkreispaderborn.de\/jaeb-des-kreises-paderborn\/wp-json\/wp\/v2\/pages\/23\/revisions\/46"}],"wp:attachment":[{"href":"https:\/\/jaebkreispaderborn.de\/jaeb-des-kreises-paderborn\/wp-json\/wp\/v2\/media?parent=23"}],"curies":[{"name":"wp","href":"https:\/\/api.w.org\/{rel}","templated":true}]}}